{"id":20980,"date":"2022-05-05T16:28:36","date_gmt":"2022-05-05T14:28:36","guid":{"rendered":"https:\/\/purewallet.global\/mau-don-khieu-nai\/"},"modified":"2022-05-05T16:28:36","modified_gmt":"2022-05-05T14:28:36","slug":"mau-don-khieu-nai","status":"publish","type":"page","link":"https:\/\/purewallet.global\/vi\/mau-don-khieu-nai\/","title":{"rendered":"M\u1eabu \u0110\u01a1n Khi\u1ebfu N\u1ea1i"},"content":{"rendered":"<section id=\"cta\" class=\"mid-blue text-white\" style=\"background: #050849;padding-top: 208px;padding-bottom: 20px;margin-bottom: 1px;\">\n    <div class=\"container\">\n        <div class=\"row\">\n            <div class=\"col-md-12\">\n                <h2 class=\"my-4 text-center\">M\u1eabu \u0111\u01a1n khi\u1ebfu n\u1ea1i<\/h2>\n                <p class=\"lead mb-4 text-center\">Ch\u00fang t\u00f4i l\u00e0m vi\u1ec7c v\u1edbi kh\u00e1ch h\u00e0ng c\u1ee7a m\u00ecnh \u0111\u1ec3 gi\u00fap h\u1ecd ki\u1ec3m so\u00e1t t\u00e0i ch\u00ednh v\u00e0 x\u00e2y d\u1ef1ng t\u01b0\u01a1ng lai t\u00e0i ch\u00ednh c\u1ee7a m\u00ecnh. Ho\u00e0n th\u00e0nh m\u1eabu d\u01b0\u1edbi \u0111\u00e2y \u0111\u1ec3 n\u00f3i chuy\u1ec7n v\u1edbi m\u1ed9t trong nh\u1eefng th\u00e0nh vi\u00ean trong nh\u00f3m c\u1ee7a ch\u00fang t\u00f4i.<\/p>\n            <\/div>\n        <\/div>\n        <div class=\"row py-4\">\n            <div class=\"col-md-8 offset-md-2\">\n\t\t\t\t<p class=\"wpcf7-contact-form-not-found\"><strong>Error:<\/strong> Contact form not found.<\/p>\n\t\t\t<\/div>\n        <\/div>\n\t<\/div>\n<\/section>","protected":false},"excerpt":{"rendered":"M\u1eabu \u0111\u01a1n khi\u1ebfu n\u1ea1i Ch\u00fang t\u00f4i l\u00e0m vi\u1ec7c v\u1edbi kh\u00e1ch h\u00e0ng c\u1ee7a m\u00ecnh \u0111\u1ec3 gi\u00fap h\u1ecd ki\u1ec3m so\u00e1t t\u00e0i ch\u00ednh v\u00e0 x\u00e2y d\u1ef1ng t\u01b0\u01a1ng lai t\u00e0i ch\u00ednh c\u1ee7a m\u00ecnh. Ho\u00e0n th\u00e0nh m\u1eabu d\u01b0\u1edbi \u0111\u00e2y \u0111\u1ec3 n\u00f3i chuy\u1ec7n v\u1edbi m\u1ed9t trong nh\u1eefng th\u00e0nh vi\u00ean trong nh\u00f3m c\u1ee7a ch\u00fang t\u00f4i.","protected":false},"author":1,"featured_media":0,"parent":0,"menu_order":0,"comment_status":"closed","ping_status":"closed","template":"home-template.php","meta":{"footnotes":""},"class_list":["post-20980","page","type-page","status-publish","hentry"],"yoast_head":"<!-- This site is optimized with the Yoast SEO plugin v24.0 - https:\/\/yoast.com\/wordpress\/plugins\/seo\/ -->\n<title>M\u1eabu \u0110\u01a1n Khi\u1ebfu N\u1ea1i &#8212; Pure | Mobile Payments &amp; Investing Made Simple<\/title>\n<meta name=\"robots\" content=\"index, follow, max-snippet:-1, max-image-preview:large, max-video-preview:-1\" \/>\n<link rel=\"canonical\" href=\"https:\/\/purewallet.global\/vi\/mau-don-khieu-nai\/\" \/>\n<meta property=\"og:locale\" content=\"vi_VN\" \/>\n<meta property=\"og:type\" content=\"article\" \/>\n<meta property=\"og:title\" content=\"M\u1eabu \u0110\u01a1n Khi\u1ebfu N\u1ea1i &#8212; Pure | Mobile Payments &amp; Investing Made Simple\" \/>\n<meta property=\"og:description\" content=\"M\u1eabu \u0111\u01a1n khi\u1ebfu n\u1ea1i Ch\u00fang t\u00f4i l\u00e0m vi\u1ec7c v\u1edbi kh\u00e1ch h\u00e0ng c\u1ee7a m\u00ecnh \u0111\u1ec3 gi\u00fap h\u1ecd ki\u1ec3m so\u00e1t t\u00e0i ch\u00ednh v\u00e0 x\u00e2y d\u1ef1ng t\u01b0\u01a1ng lai t\u00e0i ch\u00ednh c\u1ee7a m\u00ecnh. Ho\u00e0n th\u00e0nh m\u1eabu d\u01b0\u1edbi \u0111\u00e2y \u0111\u1ec3 n\u00f3i chuy\u1ec7n v\u1edbi m\u1ed9t trong nh\u1eefng th\u00e0nh vi\u00ean trong nh\u00f3m c\u1ee7a ch\u00fang t\u00f4i.\" \/>\n<meta property=\"og:url\" content=\"https:\/\/purewallet.global\/vi\/mau-don-khieu-nai\/\" \/>\n<meta property=\"og:site_name\" content=\"Pure | Mobile Payments &amp; Investing Made Simple\" \/>\n<meta property=\"article:publisher\" content=\"https:\/\/www.facebook.com\/purewallet\/\" \/>\n<meta property=\"og:image\" content=\"https:\/\/purewallet.global\/wp-content\/uploads\/2023\/07\/intro-pure-global.jpg\" \/>\n\t<meta property=\"og:image:width\" content=\"1920\" \/>\n\t<meta property=\"og:image:height\" content=\"1280\" \/>\n\t<meta property=\"og:image:type\" content=\"image\/jpeg\" \/>\n<meta name=\"twitter:card\" content=\"summary_large_image\" \/>\n<script type=\"application\/ld+json\" class=\"yoast-schema-graph\">{\"@context\":\"https:\/\/schema.org\",\"@graph\":[{\"@type\":\"WebPage\",\"@id\":\"https:\/\/purewallet.global\/vi\/mau-don-khieu-nai\/\",\"url\":\"https:\/\/purewallet.global\/vi\/mau-don-khieu-nai\/\",\"name\":\"M\u1eabu \u0110\u01a1n Khi\u1ebfu N\u1ea1i &#8212; Pure | Mobile Payments &amp; Investing Made Simple\",\"isPartOf\":{\"@id\":\"https:\/\/purewallet.global\/vi\/#website\"},\"datePublished\":\"2022-05-05T14:28:36+00:00\",\"dateModified\":\"2022-05-05T14:28:36+00:00\",\"breadcrumb\":{\"@id\":\"https:\/\/purewallet.global\/vi\/mau-don-khieu-nai\/#breadcrumb\"},\"inLanguage\":\"vi-VN\",\"potentialAction\":[{\"@type\":\"ReadAction\",\"target\":[\"https:\/\/purewallet.global\/vi\/mau-don-khieu-nai\/\"]}]},{\"@type\":\"BreadcrumbList\",\"@id\":\"https:\/\/purewallet.global\/vi\/mau-don-khieu-nai\/#breadcrumb\",\"itemListElement\":[{\"@type\":\"ListItem\",\"position\":1,\"name\":\"Home\",\"item\":\"https:\/\/purewallet.global\/vi\/trang-chinh\/\"},{\"@type\":\"ListItem\",\"position\":2,\"name\":\"M\u1eabu \u0110\u01a1n Khi\u1ebfu N\u1ea1i\"}]},{\"@type\":\"WebSite\",\"@id\":\"https:\/\/purewallet.global\/vi\/#website\",\"url\":\"https:\/\/purewallet.global\/vi\/\",\"name\":\"Pure Global\",\"description\":\"See your transactions, check your balance and manage your account in the Pure\u00a0app. Make payments, send money to friends, invest and copy traders.\",\"publisher\":{\"@id\":\"https:\/\/purewallet.global\/vi\/#organization\"},\"potentialAction\":[{\"@type\":\"SearchAction\",\"target\":{\"@type\":\"EntryPoint\",\"urlTemplate\":\"https:\/\/purewallet.global\/vi\/?s={search_term_string}\"},\"query-input\":{\"@type\":\"PropertyValueSpecification\",\"valueRequired\":true,\"valueName\":\"search_term_string\"}}],\"inLanguage\":\"vi-VN\"},{\"@type\":\"Organization\",\"@id\":\"https:\/\/purewallet.global\/vi\/#organization\",\"name\":\"Pure Global\",\"url\":\"https:\/\/purewallet.global\/vi\/\",\"logo\":{\"@type\":\"ImageObject\",\"inLanguage\":\"vi-VN\",\"@id\":\"https:\/\/purewallet.global\/vi\/#\/schema\/logo\/image\/\",\"url\":\"https:\/\/purewallet.global\/wp-content\/uploads\/2022\/04\/pure-logo.png\",\"contentUrl\":\"https:\/\/purewallet.global\/wp-content\/uploads\/2022\/04\/pure-logo.png\",\"width\":763,\"height\":404,\"caption\":\"Pure Global\"},\"image\":{\"@id\":\"https:\/\/purewallet.global\/vi\/#\/schema\/logo\/image\/\"},\"sameAs\":[\"https:\/\/www.facebook.com\/purewallet\/\",\"https:\/\/www.instagram.com\/purewalletglobal\/\",\"https:\/\/www.linkedin.com\/company\/purewallet\"]}]}<\/script>\n<!-- \/ Yoast SEO plugin. -->","yoast_head_json":{"title":"M\u1eabu \u0110\u01a1n Khi\u1ebfu N\u1ea1i &#8212; Pure | Mobile Payments &amp; Investing Made Simple","robots":{"index":"index","follow":"follow","max-snippet":"max-snippet:-1","max-image-preview":"max-image-preview:large","max-video-preview":"max-video-preview:-1"},"canonical":"https:\/\/purewallet.global\/vi\/mau-don-khieu-nai\/","og_locale":"vi_VN","og_type":"article","og_title":"M\u1eabu \u0110\u01a1n Khi\u1ebfu N\u1ea1i &#8212; Pure | Mobile Payments &amp; Investing Made Simple","og_description":"M\u1eabu \u0111\u01a1n khi\u1ebfu n\u1ea1i Ch\u00fang t\u00f4i l\u00e0m vi\u1ec7c v\u1edbi kh\u00e1ch h\u00e0ng c\u1ee7a m\u00ecnh \u0111\u1ec3 gi\u00fap h\u1ecd ki\u1ec3m so\u00e1t t\u00e0i ch\u00ednh v\u00e0 x\u00e2y d\u1ef1ng t\u01b0\u01a1ng lai t\u00e0i ch\u00ednh c\u1ee7a m\u00ecnh. Ho\u00e0n th\u00e0nh m\u1eabu d\u01b0\u1edbi \u0111\u00e2y \u0111\u1ec3 n\u00f3i chuy\u1ec7n v\u1edbi m\u1ed9t trong nh\u1eefng th\u00e0nh vi\u00ean trong nh\u00f3m c\u1ee7a ch\u00fang t\u00f4i.","og_url":"https:\/\/purewallet.global\/vi\/mau-don-khieu-nai\/","og_site_name":"Pure | Mobile Payments &amp; Investing Made Simple","article_publisher":"https:\/\/www.facebook.com\/purewallet\/","og_image":[{"width":1920,"height":1280,"url":"https:\/\/purewallet.global\/wp-content\/uploads\/2023\/07\/intro-pure-global.jpg","type":"image\/jpeg"}],"twitter_card":"summary_large_image","schema":{"@context":"https:\/\/schema.org","@graph":[{"@type":"WebPage","@id":"https:\/\/purewallet.global\/vi\/mau-don-khieu-nai\/","url":"https:\/\/purewallet.global\/vi\/mau-don-khieu-nai\/","name":"M\u1eabu \u0110\u01a1n Khi\u1ebfu N\u1ea1i &#8212; Pure | Mobile Payments &amp; Investing Made Simple","isPartOf":{"@id":"https:\/\/purewallet.global\/vi\/#website"},"datePublished":"2022-05-05T14:28:36+00:00","dateModified":"2022-05-05T14:28:36+00:00","breadcrumb":{"@id":"https:\/\/purewallet.global\/vi\/mau-don-khieu-nai\/#breadcrumb"},"inLanguage":"vi-VN","potentialAction":[{"@type":"ReadAction","target":["https:\/\/purewallet.global\/vi\/mau-don-khieu-nai\/"]}]},{"@type":"BreadcrumbList","@id":"https:\/\/purewallet.global\/vi\/mau-don-khieu-nai\/#breadcrumb","itemListElement":[{"@type":"ListItem","position":1,"name":"Home","item":"https:\/\/purewallet.global\/vi\/trang-chinh\/"},{"@type":"ListItem","position":2,"name":"M\u1eabu \u0110\u01a1n Khi\u1ebfu N\u1ea1i"}]},{"@type":"WebSite","@id":"https:\/\/purewallet.global\/vi\/#website","url":"https:\/\/purewallet.global\/vi\/","name":"Pure Global","description":"See your transactions, check your balance and manage your account in the Pure\u00a0app. Make payments, send money to friends, invest and copy traders.","publisher":{"@id":"https:\/\/purewallet.global\/vi\/#organization"},"potentialAction":[{"@type":"SearchAction","target":{"@type":"EntryPoint","urlTemplate":"https:\/\/purewallet.global\/vi\/?s={search_term_string}"},"query-input":{"@type":"PropertyValueSpecification","valueRequired":true,"valueName":"search_term_string"}}],"inLanguage":"vi-VN"},{"@type":"Organization","@id":"https:\/\/purewallet.global\/vi\/#organization","name":"Pure Global","url":"https:\/\/purewallet.global\/vi\/","logo":{"@type":"ImageObject","inLanguage":"vi-VN","@id":"https:\/\/purewallet.global\/vi\/#\/schema\/logo\/image\/","url":"https:\/\/purewallet.global\/wp-content\/uploads\/2022\/04\/pure-logo.png","contentUrl":"https:\/\/purewallet.global\/wp-content\/uploads\/2022\/04\/pure-logo.png","width":763,"height":404,"caption":"Pure Global"},"image":{"@id":"https:\/\/purewallet.global\/vi\/#\/schema\/logo\/image\/"},"sameAs":["https:\/\/www.facebook.com\/purewallet\/","https:\/\/www.instagram.com\/purewalletglobal\/","https:\/\/www.linkedin.com\/company\/purewallet"]}]}},"_links":{"self":[{"href":"https:\/\/purewallet.global\/vi\/wp-json\/wp\/v2\/pages\/20980","targetHints":{"allow":["GET"]}}],"collection":[{"href":"https:\/\/purewallet.global\/vi\/wp-json\/wp\/v2\/pages"}],"about":[{"href":"https:\/\/purewallet.global\/vi\/wp-json\/wp\/v2\/types\/page"}],"author":[{"embeddable":true,"href":"https:\/\/purewallet.global\/vi\/wp-json\/wp\/v2\/users\/1"}],"replies":[{"embeddable":true,"href":"https:\/\/purewallet.global\/vi\/wp-json\/wp\/v2\/comments?post=20980"}],"version-history":[{"count":0,"href":"https:\/\/purewallet.global\/vi\/wp-json\/wp\/v2\/pages\/20980\/revisions"}],"wp:attachment":[{"href":"https:\/\/purewallet.global\/vi\/wp-json\/wp\/v2\/media?parent=20980"}],"curies":[{"name":"wp","href":"https:\/\/api.w.org\/{rel}","templated":true}]}}